{"id":586,"date":"2023-12-17T14:03:13","date_gmt":"2023-12-17T14:03:13","guid":{"rendered":"https:\/\/staging.escapelle.com\/?page_id=586"},"modified":"2024-06-05T08:25:15","modified_gmt":"2024-06-05T08:25:15","slug":"ke-stazeni","status":"publish","type":"page","link":"https:\/\/staging.escapelle.com\/cs\/ke-stazeni\/","title":{"rendered":"Ke sta\u017een\u00ed"},"content":{"rendered":"<p><a href=\"https:\/\/staging.escapelle.com\/wp-content\/uploads\/2024\/06\/Czech_Privacy_Policy_2018.pdf\" target=\"_blank\" rel=\"noopener\">Z\u00e1sady ochrany osobn\u00edch \u00fadaj\u016f<\/a><\/p>\n<p><a href=\"https:\/\/staging.escapelle.com\/wp-content\/uploads\/2024\/06\/Czech_Terms_of_Use_2018.pdf\">Podm\u00ednky pou\u017e\u00edv\u00e1n\u00ed<\/a><\/p>\n","protected":false},"excerpt":{"rendered":"<p>Z\u00e1sady ochrany osobn\u00edch \u00fadaj\u016f Podm\u00ednky pou\u017e\u00edv\u00e1n\u00ed<\/p>\n","protected":false},"author":1,"featured_media":0,"parent":0,"menu_order":0,"comment_status":"closed","ping_status":"closed","template":"","meta":{"_acf_changed":false,"footnotes":""},"class_list":["post-586","page","type-page","status-publish","hentry"],"acf":[],"yoast_head":"<!-- This site is optimized with the Yoast SEO plugin v24.4 - https:\/\/yoast.com\/wordpress\/plugins\/seo\/ -->\n<title>Ke sta\u017een\u00ed - Escapelle<\/title>\n<meta name=\"robots\" content=\"noindex, follow, max-snippet:-1, max-image-preview:large, max-video-preview:-1\" \/>\n<meta property=\"og:locale\" content=\"cs_CZ\" \/>\n<meta property=\"og:type\" content=\"article\" \/>\n<meta property=\"og:title\" content=\"Ke sta\u017een\u00ed - Escapelle\" \/>\n<meta property=\"og:description\" content=\"Z\u00e1sady ochrany osobn\u00edch \u00fadaj\u016f Podm\u00ednky pou\u017e\u00edv\u00e1n\u00ed\" \/>\n<meta property=\"og:url\" content=\"https:\/\/staging.escapelle.com\/cs\/ke-stazeni\/\" \/>\n<meta property=\"og:site_name\" content=\"Escapelle\" \/>\n<meta property=\"article:modified_time\" content=\"2024-06-05T08:25:15+00:00\" \/>\n<meta name=\"twitter:card\" content=\"summary_large_image\" \/>\n<meta name=\"twitter:label1\" content=\"Odhadovan\u00e1 doba \u010dten\u00ed\" \/>\n\t<meta name=\"twitter:data1\" content=\"1 minuta\" \/>\n<script type=\"application\/ld+json\" class=\"yoast-schema-graph\">{\"@context\":\"https:\/\/schema.org\",\"@graph\":[{\"@type\":\"WebPage\",\"@id\":\"https:\/\/staging.escapelle.com\/cs\/ke-stazeni\/\",\"url\":\"https:\/\/staging.escapelle.com\/cs\/ke-stazeni\/\",\"name\":\"Ke sta\u017een\u00ed - Escapelle\",\"isPartOf\":{\"@id\":\"https:\/\/staging.escapelle.com\/#website\"},\"datePublished\":\"2023-12-17T14:03:13+00:00\",\"dateModified\":\"2024-06-05T08:25:15+00:00\",\"inLanguage\":\"cs\",\"potentialAction\":[{\"@type\":\"ReadAction\",\"target\":[\"https:\/\/staging.escapelle.com\/cs\/ke-stazeni\/\"]}]},{\"@type\":\"WebSite\",\"@id\":\"https:\/\/staging.escapelle.com\/#website\",\"url\":\"https:\/\/staging.escapelle.com\/\",\"name\":\"Escapelle\",\"description\":\"\",\"potentialAction\":[{\"@type\":\"SearchAction\",\"target\":{\"@type\":\"EntryPoint\",\"urlTemplate\":\"https:\/\/staging.escapelle.com\/?s={search_term_string}\"},\"query-input\":{\"@type\":\"PropertyValueSpecification\",\"valueRequired\":true,\"valueName\":\"search_term_string\"}}],\"inLanguage\":\"cs\"}]}<\/script>\n<!-- \/ Yoast SEO plugin. -->","yoast_head_json":{"title":"Ke sta\u017een\u00ed - Escapelle","robots":{"index":"noindex","follow":"follow","max-snippet":"max-snippet:-1","max-image-preview":"max-image-preview:large","max-video-preview":"max-video-preview:-1"},"og_locale":"cs_CZ","og_type":"article","og_title":"Ke sta\u017een\u00ed - Escapelle","og_description":"Z\u00e1sady ochrany osobn\u00edch \u00fadaj\u016f Podm\u00ednky pou\u017e\u00edv\u00e1n\u00ed","og_url":"https:\/\/staging.escapelle.com\/cs\/ke-stazeni\/","og_site_name":"Escapelle","article_modified_time":"2024-06-05T08:25:15+00:00","twitter_card":"summary_large_image","twitter_misc":{"Odhadovan\u00e1 doba \u010dten\u00ed":"1 minuta"},"schema":{"@context":"https:\/\/schema.org","@graph":[{"@type":"WebPage","@id":"https:\/\/staging.escapelle.com\/cs\/ke-stazeni\/","url":"https:\/\/staging.escapelle.com\/cs\/ke-stazeni\/","name":"Ke sta\u017een\u00ed - Escapelle","isPartOf":{"@id":"https:\/\/staging.escapelle.com\/#website"},"datePublished":"2023-12-17T14:03:13+00:00","dateModified":"2024-06-05T08:25:15+00:00","inLanguage":"cs","potentialAction":[{"@type":"ReadAction","target":["https:\/\/staging.escapelle.com\/cs\/ke-stazeni\/"]}]},{"@type":"WebSite","@id":"https:\/\/staging.escapelle.com\/#website","url":"https:\/\/staging.escapelle.com\/","name":"Escapelle","description":"","potentialAction":[{"@type":"SearchAction","target":{"@type":"EntryPoint","urlTemplate":"https:\/\/staging.escapelle.com\/?s={search_term_string}"},"query-input":{"@type":"PropertyValueSpecification","valueRequired":true,"valueName":"search_term_string"}}],"inLanguage":"cs"}]}},"_links":{"self":[{"href":"https:\/\/staging.escapelle.com\/cs\/wp-json\/wp\/v2\/pages\/586","targetHints":{"allow":["GET"]}}],"collection":[{"href":"https:\/\/staging.escapelle.com\/cs\/wp-json\/wp\/v2\/pages"}],"about":[{"href":"https:\/\/staging.escapelle.com\/cs\/wp-json\/wp\/v2\/types\/page"}],"author":[{"embeddable":true,"href":"https:\/\/staging.escapelle.com\/cs\/wp-json\/wp\/v2\/users\/1"}],"replies":[{"embeddable":true,"href":"https:\/\/staging.escapelle.com\/cs\/wp-json\/wp\/v2\/comments?post=586"}],"version-history":[{"count":4,"href":"https:\/\/staging.escapelle.com\/cs\/wp-json\/wp\/v2\/pages\/586\/revisions"}],"predecessor-version":[{"id":2201,"href":"https:\/\/staging.escapelle.com\/cs\/wp-json\/wp\/v2\/pages\/586\/revisions\/2201"}],"wp:attachment":[{"href":"https:\/\/staging.escapelle.com\/cs\/wp-json\/wp\/v2\/media?parent=586"}],"curies":[{"name":"wp","href":"https:\/\/api.w.org\/{rel}","templated":true}]}}